{"id":34931,"date":"2022-06-03T10:37:54","date_gmt":"2022-06-03T08:37:54","guid":{"rendered":"https:\/\/artiqo.de\/?page_id=34931"},"modified":"2025-05-20T12:02:44","modified_gmt":"2025-05-20T10:02:44","slug":"telecharger-pour-les-professionnels-de-la-sante","status":"publish","type":"page","link":"https:\/\/artiqo.de\/en\/telecharger-pour-les-professionnels-de-la-sante\/","title":{"rendered":"T\u00e9l\u00e9charger pour les professionnels de la sant\u00e9"},"content":{"rendered":"<div class=\"wpb-content-wrapper\"><p>[vc_row css_animation=&#8221;&#8221; row_type=&#8221;row&#8221; use_row_as_full_screen_section=&#8221;yes&#8221; type=&#8221;grid&#8221; angled_section=&#8221;no&#8221; text_align=&#8221;left&#8221; background_image_as_pattern=&#8221;without_pattern&#8221; z_index=&#8221;&#8221;][vc_column][vc_column_text css=&#8221;&#8221;]<\/p>\n<h1>T\u00e9l\u00e9charger pour les professionnels de la sant\u00e9<\/h1>\n<p>[\/vc_column_text][vc_separator type=&#8221;transparent&#8221; up=&#8221;25&#8243;][vc_accordion active_tab=&#8221;false&#8221; collapsible=&#8221;yes&#8221; style=&#8221;accordion&#8221;][vc_accordion_tab title=&#8221;Technique op\u00e9ratoire&#8221; title_tag=&#8221;h5&#8243; title_color=&#8221;#dd3333&#8243; background_color=&#8221;#f5f5f5&#8243;][vc_column_text css=&#8221;.vc_custom_1744299151389{padding-top: 30px !important;}&#8221;]<a  data-e-Disable-Page-Transition=\"true\" class=\"download-link\" title=\"Version rev5\" href=\"https:\/\/artiqo.de\/en\/download\/34602\/?tmstv=1777232277\" rel=\"nofollow\" id=\"download-link-34602\" data-redirect=\"false\" >\n\tOPT | ARTIQO Syst\u00e8me de tige f\u00e9morale A2\u00ae | Rev5<\/a>\n<br \/>\n<span style=\"color: #ffffff;\">.<\/span>[\/vc_column_text][\/vc_accordion_tab][vc_accordion_tab title=&#8221;Notice d\u2019instructions&#8221; title_tag=&#8221;h5&#8243; title_color=&#8221;#dd3333&#8243; background_color=&#8221;#f5f5f5&#8243;][vc_column_text css=&#8221;.vc_custom_1744299160892{padding-top: 30px !important;}&#8221;]<a  data-e-Disable-Page-Transition=\"true\" class=\"download-link\" title=\"Version rev.-i-v04\" href=\"https:\/\/artiqo.de\/en\/download\/34607\/?tmstv=1777232277\" rel=\"nofollow\" id=\"download-link-34607\" data-redirect=\"false\" >\n\tIFU | ARTIQO Syst\u00e8me de tige f\u00e9morale A2\u00ae | Rev_I_V07<\/a>\n<br \/>\n<span style=\"color: #ffffff;\">.<\/span>[\/vc_column_text][\/vc_accordion_tab][vc_accordion_tab title=&#8221;Instructions de traitement d\u2019instruments pour syst\u00e8mes d\u2019implants&#8221; title_tag=&#8221;h5&#8243; title_color=&#8221;#dd3333&#8243; background_color=&#8221;#f5f5f5&#8243;][vc_column_text css=&#8221;.vc_custom_1744299172254{padding-top: 30px !important;}&#8221;]<a  data-e-Disable-Page-Transition=\"true\" class=\"download-link\" title=\"\" href=\"https:\/\/artiqo.de\/en\/download\/34612\/?tmstv=1777232277\" rel=\"nofollow\" id=\"download-link-34612\" data-redirect=\"false\" >\n\tREI | ARTIQO instruments | 20241024<\/a>\n<br \/>\n<span style=\"color: #ffffff;\">.<\/span>[\/vc_column_text][\/vc_accordion_tab][vc_accordion_tab title=&#8221;Instruments&#8221; title_tag=&#8221;h5&#8243; title_color=&#8221;#dd3333&#8243; background_color=&#8221;#f5f5f5&#8243;][vc_column_text css=&#8221;.vc_custom_1744299180559{padding-top: 30px !important;}&#8221;]<a  data-e-Disable-Page-Transition=\"true\" class=\"download-link\" title=\"\" href=\"https:\/\/artiqo.de\/en\/download\/34617\/?tmstv=1777232277\" rel=\"nofollow\" id=\"download-link-34617\" data-redirect=\"false\" >\n\tARTIQO Tige courte A2\u00ae instruments  | 22-06 FR<\/a>\n<br \/>\n<span style=\"color: #ffffff;\">.<\/span>[\/vc_column_text][\/vc_accordion_tab][vc_accordion_tab title=&#8221;Certificats&#8221; title_tag=&#8221;h5&#8243; title_color=&#8221;#dd3333&#8243; background_color=&#8221;#f5f5f5&#8243;][vc_column_text css=&#8221;.vc_custom_1747735362130{padding-top: 30px !important;padding-bottom: 30px !important;}&#8221;]<a href=\"https:\/\/artiqo.de\/download\/34627\/\">Certificate | A2\u00ae Hip stem (Short stem) ARTIQO<\/a><br \/>\n<a href=\"https:\/\/artiqo.de\/download\/34632\/\">Certificate | Ceramic femoral head ARTIQO<\/a><br \/>\n<a href=\"https:\/\/artiqo.de\/download\/34622\/\">Certificate | ISO 13485 ARTIQO<\/a><br \/>\n<a href=\"https:\/\/artiqo.de\/download\/34637\/\">Certificate | 4-motion\u00ae Knee System<\/a>[\/vc_column_text][\/vc_accordion_tab][\/vc_accordion][vc_separator type=&#8221;transparent&#8221; up=&#8221;80&#8243;][\/vc_column][\/vc_row]<\/p>\n<\/div>","protected":false},"excerpt":{"rendered":"<p>[vc_row css_animation=&#8221;&#8221; row_type=&#8221;row&#8221; use_row_as_full_screen_section=&#8221;yes&#8221; type=&#8221;grid&#8221; angled_section=&#8221;no&#8221; text_align=&#8221;left&#8221; background_image_as_pattern=&#8221;without_pattern&#8221; z_index=&#8221;&#8221;][vc_column][vc_column_text css=&#8221;&#8221;] T\u00e9l\u00e9charger pour les professionnels de la sant\u00e9 [\/vc_column_text][vc_separator type=&#8221;transparent&#8221; up=&#8221;25&#8243;][vc_accordion active_tab=&#8221;false&#8221; collapsible=&#8221;yes&#8221; style=&#8221;accordion&#8221;][vc_accordion_tab title=&#8221;Technique op\u00e9ratoire&#8221; title_tag=&#8221;h5&#8243; title_color=&#8221;#dd3333&#8243; background_color=&#8221;#f5f5f5&#8243;][vc_column_text css=&#8221;.vc_custom_1744299151389{padding-top: 30px !important;}&#8221;] .[\/vc_column_text][\/vc_accordion_tab][vc_accordion_tab title=&#8221;Notice d\u2019instructions&#8221; title_tag=&#8221;h5&#8243; title_color=&#8221;#dd3333&#8243; background_color=&#8221;#f5f5f5&#8243;][vc_column_text css=&#8221;.vc_custom_1744299160892{padding-top: 30px !important;}&#8221;] .[\/vc_column_text][\/vc_accordion_tab][vc_accordion_tab title=&#8221;Instructions de traitement d\u2019instruments&#8230;<\/p>\n","protected":false},"author":1,"featured_media":0,"parent":0,"menu_order":0,"comment_status":"closed","ping_status":"closed","template":"","meta":{"footnotes":""},"class_list":["post-34931","page","type-page","status-publish","hentry"],"yoast_head":"<!-- This site is optimized with the Yoast SEO plugin v27.4 - https:\/\/yoast.com\/product\/yoast-seo-wordpress\/ -->\n<title>T\u00e9l\u00e9charger pour les professionnels de la sant\u00e9 - ARTIQO Endoprothetik<\/title>\n<meta name=\"robots\" content=\"index, follow, max-snippet:-1, max-image-preview:large, max-video-preview:-1\" \/>\n<link rel=\"canonical\" href=\"https:\/\/artiqo.de\/en\/telecharger-pour-les-professionnels-de-la-sante\/\" \/>\n<meta property=\"og:locale\" content=\"en_US\" \/>\n<meta property=\"og:type\" content=\"article\" \/>\n<meta property=\"og:title\" content=\"T\u00e9l\u00e9charger pour les professionnels de la sant\u00e9 - ARTIQO Endoprothetik\" \/>\n<meta property=\"og:description\" content=\"[vc_row css_animation=&#8221;&#8221; row_type=&#8221;row&#8221; use_row_as_full_screen_section=&#8221;yes&#8221; type=&#8221;grid&#8221; angled_section=&#8221;no&#8221; text_align=&#8221;left&#8221; background_image_as_pattern=&#8221;without_pattern&#8221; z_index=&#8221;&#8221;][vc_column][vc_column_text css=&#8221;&#8221;] T\u00e9l\u00e9charger pour les professionnels de la sant\u00e9 [\/vc_column_text][vc_separator type=&#8221;transparent&#8221; up=&#8221;25&#8243;][vc_accordion active_tab=&#8221;false&#8221; collapsible=&#8221;yes&#8221; style=&#8221;accordion&#8221;][vc_accordion_tab title=&#8221;Technique op\u00e9ratoire&#8221; title_tag=&#8221;h5&#8243; title_color=&#8221;#dd3333&#8243; background_color=&#8221;#f5f5f5&#8243;][vc_column_text css=&#8221;.vc_custom_1744299151389{padding-top: 30px !important;}&#8221;] .[\/vc_column_text][\/vc_accordion_tab][vc_accordion_tab title=&#8221;Notice d\u2019instructions&#8221; title_tag=&#8221;h5&#8243; title_color=&#8221;#dd3333&#8243; background_color=&#8221;#f5f5f5&#8243;][vc_column_text css=&#8221;.vc_custom_1744299160892{padding-top: 30px !important;}&#8221;] .[\/vc_column_text][\/vc_accordion_tab][vc_accordion_tab title=&#8221;Instructions de traitement d\u2019instruments...\" \/>\n<meta property=\"og:url\" content=\"https:\/\/artiqo.de\/en\/telecharger-pour-les-professionnels-de-la-sante\/\" \/>\n<meta property=\"og:site_name\" content=\"ARTIQO Endoprothetik\" \/>\n<meta property=\"article:modified_time\" content=\"2025-05-20T10:02:44+00:00\" \/>\n<meta name=\"twitter:card\" content=\"summary_large_image\" \/>\n<meta name=\"twitter:label1\" content=\"Est. reading time\" \/>\n\t<meta name=\"twitter:data1\" content=\"1 minute\" \/>\n<script type=\"application\/ld+json\" class=\"yoast-schema-graph\">{\"@context\":\"https:\\\/\\\/schema.org\",\"@graph\":[{\"@type\":\"WebPage\",\"@id\":\"https:\\\/\\\/artiqo.de\\\/en\\\/telecharger-pour-les-professionnels-de-la-sante\\\/\",\"url\":\"https:\\\/\\\/artiqo.de\\\/en\\\/telecharger-pour-les-professionnels-de-la-sante\\\/\",\"name\":\"T\u00e9l\u00e9charger pour les professionnels de la sant\u00e9 - ARTIQO Endoprothetik\",\"isPartOf\":{\"@id\":\"https:\\\/\\\/artiqo.de\\\/en\\\/#website\"},\"datePublished\":\"2022-06-03T08:37:54+00:00\",\"dateModified\":\"2025-05-20T10:02:44+00:00\",\"breadcrumb\":{\"@id\":\"https:\\\/\\\/artiqo.de\\\/en\\\/telecharger-pour-les-professionnels-de-la-sante\\\/#breadcrumb\"},\"inLanguage\":\"en-US\",\"potentialAction\":[{\"@type\":\"ReadAction\",\"target\":[\"https:\\\/\\\/artiqo.de\\\/en\\\/telecharger-pour-les-professionnels-de-la-sante\\\/\"]}]},{\"@type\":\"BreadcrumbList\",\"@id\":\"https:\\\/\\\/artiqo.de\\\/en\\\/telecharger-pour-les-professionnels-de-la-sante\\\/#breadcrumb\",\"itemListElement\":[{\"@type\":\"ListItem\",\"position\":1,\"name\":\"Startseite\",\"item\":\"https:\\\/\\\/artiqo.de\\\/en\\\/\"},{\"@type\":\"ListItem\",\"position\":2,\"name\":\"T\u00e9l\u00e9charger pour les professionnels de la sant\u00e9\"}]},{\"@type\":\"WebSite\",\"@id\":\"https:\\\/\\\/artiqo.de\\\/en\\\/#website\",\"url\":\"https:\\\/\\\/artiqo.de\\\/en\\\/\",\"name\":\"ARTIQO Endoprothetik\",\"description\":\"Endoprothetik - Anatomie als Ma\u00dfstab\",\"publisher\":{\"@id\":\"https:\\\/\\\/artiqo.de\\\/en\\\/#organization\"},\"potentialAction\":[{\"@type\":\"SearchAction\",\"target\":{\"@type\":\"EntryPoint\",\"urlTemplate\":\"https:\\\/\\\/artiqo.de\\\/en\\\/?s={search_term_string}\"},\"query-input\":{\"@type\":\"PropertyValueSpecification\",\"valueRequired\":true,\"valueName\":\"search_term_string\"}}],\"inLanguage\":\"en-US\"},{\"@type\":\"Organization\",\"@id\":\"https:\\\/\\\/artiqo.de\\\/en\\\/#organization\",\"name\":\"ARTIQO GmbH\",\"url\":\"https:\\\/\\\/artiqo.de\\\/en\\\/\",\"logo\":{\"@type\":\"ImageObject\",\"inLanguage\":\"en-US\",\"@id\":\"https:\\\/\\\/artiqo.de\\\/en\\\/#\\\/schema\\\/logo\\\/image\\\/\",\"url\":\"https:\\\/\\\/artiqo.de\\\/wp-content\\\/uploads\\\/2019\\\/08\\\/artiqo-logo.png\",\"contentUrl\":\"https:\\\/\\\/artiqo.de\\\/wp-content\\\/uploads\\\/2019\\\/08\\\/artiqo-logo.png\",\"width\":550,\"height\":195,\"caption\":\"ARTIQO GmbH\"},\"image\":{\"@id\":\"https:\\\/\\\/artiqo.de\\\/en\\\/#\\\/schema\\\/logo\\\/image\\\/\"}}]}<\/script>\n<!-- \/ Yoast SEO plugin. -->","yoast_head_json":{"title":"T\u00e9l\u00e9charger pour les professionnels de la sant\u00e9 - ARTIQO Endoprothetik","robots":{"index":"index","follow":"follow","max-snippet":"max-snippet:-1","max-image-preview":"max-image-preview:large","max-video-preview":"max-video-preview:-1"},"canonical":"https:\/\/artiqo.de\/en\/telecharger-pour-les-professionnels-de-la-sante\/","og_locale":"en_US","og_type":"article","og_title":"T\u00e9l\u00e9charger pour les professionnels de la sant\u00e9 - ARTIQO Endoprothetik","og_description":"[vc_row css_animation=&#8221;&#8221; row_type=&#8221;row&#8221; use_row_as_full_screen_section=&#8221;yes&#8221; type=&#8221;grid&#8221; angled_section=&#8221;no&#8221; text_align=&#8221;left&#8221; background_image_as_pattern=&#8221;without_pattern&#8221; z_index=&#8221;&#8221;][vc_column][vc_column_text css=&#8221;&#8221;] T\u00e9l\u00e9charger pour les professionnels de la sant\u00e9 [\/vc_column_text][vc_separator type=&#8221;transparent&#8221; up=&#8221;25&#8243;][vc_accordion active_tab=&#8221;false&#8221; collapsible=&#8221;yes&#8221; style=&#8221;accordion&#8221;][vc_accordion_tab title=&#8221;Technique op\u00e9ratoire&#8221; title_tag=&#8221;h5&#8243; title_color=&#8221;#dd3333&#8243; background_color=&#8221;#f5f5f5&#8243;][vc_column_text css=&#8221;.vc_custom_1744299151389{padding-top: 30px !important;}&#8221;] .[\/vc_column_text][\/vc_accordion_tab][vc_accordion_tab title=&#8221;Notice d\u2019instructions&#8221; title_tag=&#8221;h5&#8243; title_color=&#8221;#dd3333&#8243; background_color=&#8221;#f5f5f5&#8243;][vc_column_text css=&#8221;.vc_custom_1744299160892{padding-top: 30px !important;}&#8221;] .[\/vc_column_text][\/vc_accordion_tab][vc_accordion_tab title=&#8221;Instructions de traitement d\u2019instruments...","og_url":"https:\/\/artiqo.de\/en\/telecharger-pour-les-professionnels-de-la-sante\/","og_site_name":"ARTIQO Endoprothetik","article_modified_time":"2025-05-20T10:02:44+00:00","twitter_card":"summary_large_image","twitter_misc":{"Est. reading time":"1 minute"},"schema":{"@context":"https:\/\/schema.org","@graph":[{"@type":"WebPage","@id":"https:\/\/artiqo.de\/en\/telecharger-pour-les-professionnels-de-la-sante\/","url":"https:\/\/artiqo.de\/en\/telecharger-pour-les-professionnels-de-la-sante\/","name":"T\u00e9l\u00e9charger pour les professionnels de la sant\u00e9 - ARTIQO Endoprothetik","isPartOf":{"@id":"https:\/\/artiqo.de\/en\/#website"},"datePublished":"2022-06-03T08:37:54+00:00","dateModified":"2025-05-20T10:02:44+00:00","breadcrumb":{"@id":"https:\/\/artiqo.de\/en\/telecharger-pour-les-professionnels-de-la-sante\/#breadcrumb"},"inLanguage":"en-US","potentialAction":[{"@type":"ReadAction","target":["https:\/\/artiqo.de\/en\/telecharger-pour-les-professionnels-de-la-sante\/"]}]},{"@type":"BreadcrumbList","@id":"https:\/\/artiqo.de\/en\/telecharger-pour-les-professionnels-de-la-sante\/#breadcrumb","itemListElement":[{"@type":"ListItem","position":1,"name":"Startseite","item":"https:\/\/artiqo.de\/en\/"},{"@type":"ListItem","position":2,"name":"T\u00e9l\u00e9charger pour les professionnels de la sant\u00e9"}]},{"@type":"WebSite","@id":"https:\/\/artiqo.de\/en\/#website","url":"https:\/\/artiqo.de\/en\/","name":"ARTIQO Endoprothetik","description":"Endoprothetik - Anatomie als Ma\u00dfstab","publisher":{"@id":"https:\/\/artiqo.de\/en\/#organization"},"potentialAction":[{"@type":"SearchAction","target":{"@type":"EntryPoint","urlTemplate":"https:\/\/artiqo.de\/en\/?s={search_term_string}"},"query-input":{"@type":"PropertyValueSpecification","valueRequired":true,"valueName":"search_term_string"}}],"inLanguage":"en-US"},{"@type":"Organization","@id":"https:\/\/artiqo.de\/en\/#organization","name":"ARTIQO GmbH","url":"https:\/\/artiqo.de\/en\/","logo":{"@type":"ImageObject","inLanguage":"en-US","@id":"https:\/\/artiqo.de\/en\/#\/schema\/logo\/image\/","url":"https:\/\/artiqo.de\/wp-content\/uploads\/2019\/08\/artiqo-logo.png","contentUrl":"https:\/\/artiqo.de\/wp-content\/uploads\/2019\/08\/artiqo-logo.png","width":550,"height":195,"caption":"ARTIQO GmbH"},"image":{"@id":"https:\/\/artiqo.de\/en\/#\/schema\/logo\/image\/"}}]}},"_links":{"self":[{"href":"https:\/\/artiqo.de\/en\/wp-json\/wp\/v2\/pages\/34931","targetHints":{"allow":["GET"]}}],"collection":[{"href":"https:\/\/artiqo.de\/en\/wp-json\/wp\/v2\/pages"}],"about":[{"href":"https:\/\/artiqo.de\/en\/wp-json\/wp\/v2\/types\/page"}],"author":[{"embeddable":true,"href":"https:\/\/artiqo.de\/en\/wp-json\/wp\/v2\/users\/1"}],"replies":[{"embeddable":true,"href":"https:\/\/artiqo.de\/en\/wp-json\/wp\/v2\/comments?post=34931"}],"version-history":[{"count":0,"href":"https:\/\/artiqo.de\/en\/wp-json\/wp\/v2\/pages\/34931\/revisions"}],"wp:attachment":[{"href":"https:\/\/artiqo.de\/en\/wp-json\/wp\/v2\/media?parent=34931"}],"curies":[{"name":"wp","href":"https:\/\/api.w.org\/{rel}","templated":true}]}}